{"id":10,"date":"2022-11-04T21:06:48","date_gmt":"2022-11-04T20:06:48","guid":{"rendered":"http:\/\/amms-bbs.de\/?page_id=10"},"modified":"2023-12-14T16:11:33","modified_gmt":"2023-12-14T15:11:33","slug":"vorab","status":"publish","type":"page","link":"https:\/\/amms-bbs.de\/","title":{"rendered":"Vorab"},"content":{"rendered":"\n<h2 class=\"wp-block-heading\"><strong>AMMS &#8211; Amiga Multiuser Mailbox System<\/strong><\/h2>\n\n\n\n<pre class=\"wp-block-code\"><code class=\"\">                 AMMS - Amiga Multiuser Mailbox System    \n                 Copyright by Marquardt &amp; Scheler  GbR\n                      Alle Rechte vorbehalten !\n\nDie Programmierer \u00fcbernehmen weder die Haftung f\u00fcr eine\neinwandfreie Funktion des Programmes, noch f\u00fcr Sch\u00e4den die durch\ndieses direkt oder indirekt verursacht werden.\nDie Autoren von AMMS sind \nAdrock (Markus Marquardt) und Fastman (Michael Scheler).\nAlle Rechte der Software AMMS geh\u00f6ren der Firma Marquardt &amp; Scheler GbR !<\/code><\/pre>\n\n\n\n<p><\/p>\n\n\n\n<h2 class=\"wp-block-heading\">Los gehts \u2026<\/h2>\n\n\n\n<p>Ich (IRoN) m\u00f6chte betonen, dass ich nicht der Urheber von AMMS bin und keinerlei Rechte an AMMS besitze. Mir wurde lediglich die Erlaubnis erteilt, AMMS in seiner urspr\u00fcnglichen Form am Leben zu erhalten.<\/p>\n\n\n\n<p>Meine Verbindung zu AMMS reicht bis in die Mitte der 90er Jahre zur\u00fcck, wie aus meiner Biografie hervorgeht. Seit vielen Jahren bin ich der einzige, der AMMS noch in Betrieb h\u00e4lt. Diese Initiative zur Erstellung der Website erfolgte mit dem klaren Ziel, dies zu \u00e4ndern und zugleich eine Anlaufstelle f\u00fcr Hilfe und Support durch die Crazy Paradise BBS und diese Website zu bieten, soweit es mir m\u00f6glich ist.<\/p>\n\n\n\n<p>Meine Programmierkenntnisse im Bereich Mailboxsystem beziehen sich ausschlie\u00dflich auf AMMS Batch. Doch wer wei\u00df schon, was das Leben noch so mit sich bringt!<\/p>\n\n\n\n<p>In den 90er Jahren wurde AMMS von Adrock &amp; Fastman zu 100% in 680\u00d70 Assembler programmiert. Die letzte ver\u00f6ffentlichte Version ist 3.0. Obwohl AMMS seit Ende der 90er Jahre in seiner urspr\u00fcnglichen Form nicht mehr weiterentwickelt wurde, bleibt die Version 3.0 aufgrund der fortschrittlichen Technologie, die Adrock &amp; Fastman damals bereits integriert hatten, weiterhin fehlerfrei und modern in der Anwendung.<\/p>\n\n\n\n<p>Die Weiterentwicklung von AMMS 3.cp konzentriert sich nicht auf den Quellcode des Systems, sondern ausschlie\u00dflich auf die interne Programmiersprache AMMS Batch (f\u00fcr die auf dieser Website umfassend geschult wird). Diese Sprache erm\u00f6glicht es praktisch, ein Mailboxsystem innerhalb des Mailboxsystems zu programmieren. Mit AMMS Batch ist nichts unm\u00f6glich. Die Geschwindigkeit des Amiga war damals der einzige Limitierungsaspekt, was jedoch angesichts des aktuellen Raspberry Pi 4 mit Amiberry-Emulation kein Problem mehr darstellt.<\/p>\n\n\n\n<p><strong>Praktische Beispiele:<\/strong><\/p>\n\n\n\n<ul class=\"wp-block-list\">\n<li>Das Men\u00fcsystem der Crazy Paradise ist zu 100% cursor-gesteuert und f\u00fchrt bei jeder Bewegung weitere Befehle aus, wie beispielsweise das Z\u00e4hlen von Benutzer-Nachrichten usw.<\/li>\n\n\n\n<li>Die Webseite cpbbs.de wird direkt von der Mailbox generiert. Jede Aktion in der Mailbox wird sofort in PHP umgewandelt und auf der Website angezeigt.<\/li>\n\n\n\n<li>Der lebendige Webchat ist ein herausragendes Beispiel f\u00fcr die M\u00f6glichkeiten von AMMS Batch.<\/li>\n<\/ul>\n\n\n\n<p>AMMS ist derzeit nur als Demo in der Version 2.0 verf\u00fcgbar, wird aber bald als eine Art Mailware bereitgestellt. Eine vorbereitete AMMS 3 wird s\u00e4mtliche Updates und erforderlichen Bugfixes enthalten. Diese Version wird darauf vorbereitet sein, dass sowohl Telnetd.device als auch telser.device zu 100% funktionieren. Ein FastNet wird den Datenaustausch aller AMMS-Boxen erm\u00f6glichen. Alles wird &#8222;out of the box&#8220; funktionieren. Ein modernes Men\u00fcsystem wird ebenso angeboten. Dennoch wird AMMS 3.cp nicht einfach im Internet zum Download verf\u00fcgbar sein. Es wird ausschlie\u00dflich nach einer Registrierung per E-Mail mit Mailboxnamen, Telnet-Adresse usw. zur Verf\u00fcgung gestellt, wobei ein Schl\u00fcssel exklusiv f\u00fcr diese Mailbox genutzt werden darf.<\/p>\n\n\n","protected":false},"excerpt":{"rendered":"<p>AMMS &#8211; Amiga Multiuser Mailbox System Los gehts \u2026 Ich (IRoN) m\u00f6chte betonen, dass ich&#8230;<\/p>\n","protected":false},"author":1,"featured_media":0,"parent":0,"menu_order":0,"comment_status":"closed","ping_status":"closed","template":"","meta":{"footnotes":""},"class_list":["post-10","page","type-page","status-publish","hentry"],"_links":{"self":[{"href":"https:\/\/amms-bbs.de\/index.php\/wp-json\/wp\/v2\/pages\/10","targetHints":{"allow":["GET"]}}],"collection":[{"href":"https:\/\/amms-bbs.de\/index.php\/wp-json\/wp\/v2\/pages"}],"about":[{"href":"https:\/\/amms-bbs.de\/index.php\/wp-json\/wp\/v2\/types\/page"}],"author":[{"embeddable":true,"href":"https:\/\/amms-bbs.de\/index.php\/wp-json\/wp\/v2\/users\/1"}],"replies":[{"embeddable":true,"href":"https:\/\/amms-bbs.de\/index.php\/wp-json\/wp\/v2\/comments?post=10"}],"version-history":[{"count":10,"href":"https:\/\/amms-bbs.de\/index.php\/wp-json\/wp\/v2\/pages\/10\/revisions"}],"predecessor-version":[{"id":106,"href":"https:\/\/amms-bbs.de\/index.php\/wp-json\/wp\/v2\/pages\/10\/revisions\/106"}],"wp:attachment":[{"href":"https:\/\/amms-bbs.de\/index.php\/wp-json\/wp\/v2\/media?parent=10"}],"curies":[{"name":"wp","href":"https:\/\/api.w.org\/{rel}","templated":true}]}}